{"id":2,"date":"2015-03-04T20:30:58","date_gmt":"2015-03-04T20:30:58","guid":{"rendered":"http:\/\/www.e-mage.fi\/helmi\/?page_id=2"},"modified":"2015-05-31T19:57:22","modified_gmt":"2015-05-31T19:57:22","slug":"about","status":"publish","type":"page","link":"http:\/\/www.e-mage.fi\/helmi\/about\/","title":{"rendered":"About"},"content":{"rendered":"<p><a href=\"http:\/\/www.e-mage.fi\/helmi\/wp-content\/uploads\/2015\/03\/30-05-2015-a-e1433102166959.jpg\"><img loading=\"lazy\" decoding=\"async\" class=\"alignnone size-medium wp-image-47\" src=\"http:\/\/www.e-mage.fi\/helmi\/wp-content\/uploads\/2015\/03\/30-05-2015-a-131x300.jpg\" alt=\"30-05-2015-a\" width=\"131\" height=\"300\" \/><\/a><\/p>\n<p>T\u00e4ss\u00e4 blogiss\u00e4,<\/p>\n<p>minun piirrokset ja ajatukset&#8230;<\/p>\n","protected":false},"excerpt":{"rendered":"<p>T\u00e4ss\u00e4 blogiss\u00e4, minun piirrokset ja ajatukset&#8230;<\/p>\n","protected":false},"author":1,"featured_media":0,"parent":0,"menu_order":0,"comment_status":"open","ping_status":"open","template":"","meta":{"footnotes":""},"class_list":["post-2","page","type-page","status-publish","hentry"],"_links":{"self":[{"href":"http:\/\/www.e-mage.fi\/helmi\/wp-json\/wp\/v2\/pages\/2","targetHints":{"allow":["GET"]}}],"collection":[{"href":"http:\/\/www.e-mage.fi\/helmi\/wp-json\/wp\/v2\/pages"}],"about":[{"href":"http:\/\/www.e-mage.fi\/helmi\/wp-json\/wp\/v2\/types\/page"}],"author":[{"embeddable":true,"href":"http:\/\/www.e-mage.fi\/helmi\/wp-json\/wp\/v2\/users\/1"}],"replies":[{"embeddable":true,"href":"http:\/\/www.e-mage.fi\/helmi\/wp-json\/wp\/v2\/comments?post=2"}],"version-history":[{"count":3,"href":"http:\/\/www.e-mage.fi\/helmi\/wp-json\/wp\/v2\/pages\/2\/revisions"}],"predecessor-version":[{"id":49,"href":"http:\/\/www.e-mage.fi\/helmi\/wp-json\/wp\/v2\/pages\/2\/revisions\/49"}],"wp:attachment":[{"href":"http:\/\/www.e-mage.fi\/helmi\/wp-json\/wp\/v2\/media?parent=2"}],"curies":[{"name":"wp","href":"https:\/\/api.w.org\/{rel}","templated":true}]}}