{"id":19,"date":"2014-09-25T19:25:01","date_gmt":"2014-09-25T19:25:01","guid":{"rendered":"http:\/\/www.e-mage.fi\/works\/?page_id=19"},"modified":"2021-02-19T12:53:34","modified_gmt":"2021-02-19T10:53:34","slug":"about","status":"publish","type":"page","link":"http:\/\/www.e-mage.fi\/works\/about\/","title":{"rendered":"About e-mage&#8230;"},"content":{"rendered":"<h3><a href=\"http:\/\/www.e-mage.fi\/works\/wp-content\/uploads\/2014\/09\/kontact21.jpg\"><img loading=\"lazy\" decoding=\"async\" class=\"wp-image-838 alignleft\" src=\"http:\/\/www.e-mage.fi\/works\/wp-content\/uploads\/2014\/09\/kontact21.jpg\" alt=\"kontact2\" width=\"181\" height=\"208\" \/><\/a><\/h3>\n<h3>E-mage,\u00a0 Eric Leraillez, these are the same things&#8230; I, Eric, am a\u00a0French graphic designer\u00a0based in Helsinki and, believe it or not, I can \u00a0speak Finnish! I have\u00a0been working for many years in Finland.\u00a0My favorite tool is Photoshop&#8230; after pencil and rubber. I do compositing, manipulation of pictures, illustrations (conventional drawing\u00a0or\u00a0Illustrator) and layout with InDesign. For\u00a0this site I collected some samples of my works. Feel free to leave\u00a0comments!<\/h3>\n<h3><span style=\"color: #000000;\"><em>My clients have been kind enough to share their thoughts\u00a0on my\u00a0collaboration to their work:<\/em><\/span><\/h3>\n<blockquote>\n<h4>Eric is a versatile graphic designer who can not only deliver what he&#8217;s asked for, but also add some own ingredients and insights to achieve even better results than expected. Eric is also a very reliable and extremely nice person to work with.<\/h4>\n<h4><span class=\"new-miniprofile-container \/profile\/mini-profile-with-connections?_ed=0_3XQokzPnQHOj83G63TWaUS\" data-tracking=\"referrer\" data-li-url=\"\/profile\/mini-profile-with-connections?_ed=0_3XQokzPnQHOj83G63TWaUS\" data-li-tl=\"tl\/shared\/profile\/mini_profile_shell\" data-li-miniprofile-id=\"LI-5693924\"><strong>Jouni Junkkaala,\u00a0<\/strong><\/span>Managing editor at MPC<\/h4>\n<\/blockquote>\n<blockquote>\n<h4>\u00a0I have known Eric Leraillez for many years as he has been a long-time contributing illustrator and graphic artist for the MikroPC magazine I work for as a staff editor and a photographer.<\/h4>\n<h4>During the many and varied projects on which we have worked together Eric has always shown an amazing ability to come up with a great illustration idea, even when there has seemed to be no evident ingredients for one. Sometimes even developing a whole concept out of one or two words.<br \/>\nEric is also an exceptionally versatile and talented graphic artist, his skills spanning all the way from comic strip style through technical illustrations to complex image composites and manipulations.<br \/>\nAside from my other duties I have also collaborated with Eric on several illustration projects as a photographer, Eric having been in charge of compositing, retouching and post-processing, and those occasions have been extremely fun, inspirational and educational. Simply put, absolute pleasure to have been involved with.<br \/>\nAs a co-worker Eric is an easy-going person for whom nothing seems to be impossible. He is very flexible and easy to work with, yet never compromising the quality and vision of the end-product.<br \/>\nI can sincerely and whole-heartedly recommend Eric for any artistic, graphic or illustration project where the highest quality end-results are of utmost importance.<\/h4>\n<h4><span class=\"new-miniprofile-container \/profile\/mini-profile-with-connections?_ed=0_2VO5pYNTmXeEKBqXZPnhhk\" data-tracking=\"referrer\" data-li-url=\"\/profile\/mini-profile-with-connections?_ed=0_2VO5pYNTmXeEKBqXZPnhhk\" data-li-tl=\"tl\/shared\/profile\/mini_profile_shell\" data-li-miniprofile-id=\"LI-571516\"><strong>Jari Tomminen,<\/strong>\u00a0Staff editor, photographer at MikroPC<\/span><\/h4>\n<\/blockquote>\n<blockquote>\n<h4>Eric Leraillez on todellinen graafisen ty\u00f6n ammattilainen, jonka kanssa on aina mukava ty\u00f6skennell\u00e4. H\u00e4neen on voinut aina luottaa ja etuk\u00e4teen on voinut olla varma laadukkaasta tuotoksesta. En muista, ett\u00e4 h\u00e4n olisi my\u00f6sk\u00e4\u00e4n koskaan lipsunut sovitusta aikataulusta.<\/h4>\n<h4><span class=\"new-miniprofile-container \/profile\/mini-profile-with-connections?_ed=0_07pbLS76SKANPG660o0I8f\" data-tracking=\"referrer\" data-li-url=\"\/profile\/mini-profile-with-connections?_ed=0_07pbLS76SKANPG660o0I8f\" data-li-tl=\"tl\/shared\/profile\/mini_profile_shell\" data-li-miniprofile-id=\"LI-3452193\"><strong>Kimmo Sepp\u00e4l\u00e4,\u00a0<\/strong>Experienced media and communications professional<\/span><\/h4>\n<\/blockquote>\n<blockquote>\n<h4>I could recommend Eric at any time you need graphics, be it info graphics or just funny pictures. He has a recognizable style, very nice and personal ideas and he is a very nice person to work with.<\/h4>\n<h4><span class=\"new-miniprofile-container \/profile\/mini-profile-with-connections?_ed=0_1MT8sxMVdt-NyOwOtfQCoK\" data-tracking=\"referrer\" data-li-url=\"\/profile\/mini-profile-with-connections?_ed=0_1MT8sxMVdt-NyOwOtfQCoK\" data-li-tl=\"tl\/shared\/profile\/mini_profile_shell\" data-li-miniprofile-id=\"LI-5648303\"><strong>Raili Leino,\u00a0<\/strong>journalist at Talentum Media<\/span><\/h4>\n<\/blockquote>\n<blockquote>\n<h4>\u201dEricin kanssa on aina ilo tehd\u00e4 t\u00f6it\u00e4 \u2013 tarjolla on roppakaupalla n\u00e4kemyst\u00e4, taitoa, kokemusta ja ideointivoimaa. Ericin uskomattoman monipuolinen tyylipaletti yhdistettyn\u00e4 toteutuskykyyn ja todella mukavaan persoonaan on minusta aika vastustamaton paketti.\u201d<\/h4>\n<h4>\u00a0<strong>Ari Nyman<\/strong>, graafinen suunnittelija, Nymandesign Oy<\/h4>\n<\/blockquote>\n<p><img loading=\"lazy\" decoding=\"async\" class=\" size-full wp-image-847 alignnone\" src=\"http:\/\/www.e-mage.fi\/works\/wp-content\/uploads\/2014\/09\/kontact3.jpg\" alt=\"kontact3\" width=\"170\" height=\"196\" \/><\/p>\n<a class=\"button small black\" href=\"https:\/\/www.facebook.com\/vikingposters\"> To my Norse mythologie FaceBook page<\/a>\n","protected":false},"excerpt":{"rendered":"<p>E-mage,\u00a0 Eric Leraillez, these are the same things&#8230; I, Eric, am a\u00a0French graphic designer\u00a0based in Helsinki and,&#8230;<\/p>\n","protected":false},"author":1,"featured_media":0,"parent":0,"menu_order":0,"comment_status":"closed","ping_status":"closed","template":"","meta":{"footnotes":""},"class_list":["post-19","page","type-page","status-publish","hentry"],"_links":{"self":[{"href":"http:\/\/www.e-mage.fi\/works\/wp-json\/wp\/v2\/pages\/19","targetHints":{"allow":["GET"]}}],"collection":[{"href":"http:\/\/www.e-mage.fi\/works\/wp-json\/wp\/v2\/pages"}],"about":[{"href":"http:\/\/www.e-mage.fi\/works\/wp-json\/wp\/v2\/types\/page"}],"author":[{"embeddable":true,"href":"http:\/\/www.e-mage.fi\/works\/wp-json\/wp\/v2\/users\/1"}],"replies":[{"embeddable":true,"href":"http:\/\/www.e-mage.fi\/works\/wp-json\/wp\/v2\/comments?post=19"}],"version-history":[{"count":125,"href":"http:\/\/www.e-mage.fi\/works\/wp-json\/wp\/v2\/pages\/19\/revisions"}],"predecessor-version":[{"id":1616,"href":"http:\/\/www.e-mage.fi\/works\/wp-json\/wp\/v2\/pages\/19\/revisions\/1616"}],"wp:attachment":[{"href":"http:\/\/www.e-mage.fi\/works\/wp-json\/wp\/v2\/media?parent=19"}],"curies":[{"name":"wp","href":"https:\/\/api.w.org\/{rel}","templated":true}]}}