{"id":342,"date":"2015-01-04T15:18:39","date_gmt":"2015-01-04T15:18:39","guid":{"rendered":"http:\/\/www.e-mage.fi\/works\/?page_id=342"},"modified":"2017-07-29T10:58:38","modified_gmt":"2017-07-29T08:58:38","slug":"vikings","status":"publish","type":"page","link":"http:\/\/www.e-mage.fi\/works\/vikings\/","title":{"rendered":"Norse mythology"},"content":{"rendered":"<p>&nbsp;<\/p>\n<h1>Art from mythology of the vikings<\/h1>\n<h4>I have been fascinated for a long time by Norse mythology. Here are some examples of my production:\u00a0paintings, drawings and illustrations\u00a0on the theme of Raganar\u00f6k.<\/h4>\n<p>The beast Fenrir is running with its mouth wide open, swallowing everything that comes in its way. The upper part of its mouth reaches high up into the sky, while the bottom part touches the ground.<br \/>\nOdin takes a firm grip on Gugnir. Right behind Odin come his two wolves Geiri and Freki.\u00a0Time has come for Odin to face his destiny. The beast runs towards Odin.\u00a0Odin is swallowed by the monstrous beast.<\/p>\n<p><img loading=\"lazy\" decoding=\"async\" class=\"alignnone size-full wp-image-1229\" src=\"http:\/\/www.e-mage.fi\/works\/wp-content\/uploads\/2015\/01\/odin-vs-fenrir.jpg\" alt=\"odin-vs-fenrir\" width=\"1098\" height=\"587\" srcset=\"http:\/\/www.e-mage.fi\/works\/wp-content\/uploads\/2015\/01\/odin-vs-fenrir.jpg 1098w, http:\/\/www.e-mage.fi\/works\/wp-content\/uploads\/2015\/01\/odin-vs-fenrir-300x160.jpg 300w, http:\/\/www.e-mage.fi\/works\/wp-content\/uploads\/2015\/01\/odin-vs-fenrir-768x411.jpg 768w, http:\/\/www.e-mage.fi\/works\/wp-content\/uploads\/2015\/01\/odin-vs-fenrir-1024x547.jpg 1024w, http:\/\/www.e-mage.fi\/works\/wp-content\/uploads\/2015\/01\/odin-vs-fenrir-360x192.jpg 360w, http:\/\/www.e-mage.fi\/works\/wp-content\/uploads\/2015\/01\/odin-vs-fenrir-550x294.jpg 550w\" sizes=\"auto, (max-width: 1098px) 100vw, 1098px\" \/><\/p>\n<hr \/>\n<p><strong>Acrylic painting 120 X 60 cm<\/strong><\/p>\n<p>This could represent the victory of Christianity over paganism. But this could also be the opposite: the noble knight contemplates the fragile character crucified, desperately longing for a fading light. This knight could also be Longinus, who comes to\u00a0plant his spear in the side of Christ.<\/p>\n<p><img loading=\"lazy\" decoding=\"async\" class=\"alignnone size-full wp-image-1156\" src=\"http:\/\/www.e-mage.fi\/works\/wp-content\/uploads\/2015\/01\/longin.jpg\" alt=\"longin\" width=\"592\" height=\"1000\" srcset=\"http:\/\/www.e-mage.fi\/works\/wp-content\/uploads\/2015\/01\/longin.jpg 592w, http:\/\/www.e-mage.fi\/works\/wp-content\/uploads\/2015\/01\/longin-178x300.jpg 178w, http:\/\/www.e-mage.fi\/works\/wp-content\/uploads\/2015\/01\/longin-360x608.jpg 360w, http:\/\/www.e-mage.fi\/works\/wp-content\/uploads\/2015\/01\/longin-550x929.jpg 550w\" sizes=\"auto, (max-width: 592px) 100vw, 592px\" \/><\/p>\n<hr \/>\n<p>The vikings saw the world as a disc floating on the sea. In the middle, Yggdrasil as an &#8220;axis mundi&#8221; making the connection with the cosmos,<\/p>\n<p><a href=\"http:\/\/www.e-mage.fi\/works\/wp-content\/uploads\/2015\/01\/asgard.jpg\"><img loading=\"lazy\" decoding=\"async\" class=\"alignnone size-full wp-image-378\" src=\"http:\/\/www.e-mage.fi\/works\/wp-content\/uploads\/2015\/01\/asgard.jpg\" alt=\"asgard\" width=\"593\" height=\"428\" srcset=\"http:\/\/www.e-mage.fi\/works\/wp-content\/uploads\/2015\/01\/asgard.jpg 593w, http:\/\/www.e-mage.fi\/works\/wp-content\/uploads\/2015\/01\/asgard-300x217.jpg 300w, http:\/\/www.e-mage.fi\/works\/wp-content\/uploads\/2015\/01\/asgard-360x260.jpg 360w, http:\/\/www.e-mage.fi\/works\/wp-content\/uploads\/2015\/01\/asgard-550x397.jpg 550w\" sizes=\"auto, (max-width: 593px) 100vw, 593px\" \/><\/a><\/p>\n<p>An over interpretation of Viking&#8217;s cosmology&#8230; More accurate.<\/p>\n<p><a href=\"http:\/\/www.e-mage.fi\/works\/wp-content\/uploads\/2015\/01\/YGDRASILL.jpg\"><img loading=\"lazy\" decoding=\"async\" class=\"alignnone size-full wp-image-988\" src=\"http:\/\/www.e-mage.fi\/works\/wp-content\/uploads\/2015\/01\/YGDRASILL.jpg\" alt=\"YGDRASILL\" width=\"600\" height=\"798\" srcset=\"http:\/\/www.e-mage.fi\/works\/wp-content\/uploads\/2015\/01\/YGDRASILL.jpg 600w, http:\/\/www.e-mage.fi\/works\/wp-content\/uploads\/2015\/01\/YGDRASILL-226x300.jpg 226w, http:\/\/www.e-mage.fi\/works\/wp-content\/uploads\/2015\/01\/YGDRASILL-360x479.jpg 360w, http:\/\/www.e-mage.fi\/works\/wp-content\/uploads\/2015\/01\/YGDRASILL-550x732.jpg 550w\" sizes=\"auto, (max-width: 600px) 100vw, 600px\" \/><\/a><\/p>\n<hr \/>\n<p>CHAMANIC TENT (gouache, ink and varnish)<\/p>\n<p><a href=\"http:\/\/www.e-mage.fi\/works\/wp-content\/uploads\/2015\/01\/jourte.jpg\"><img loading=\"lazy\" decoding=\"async\" class=\"alignnone size-full wp-image-627\" src=\"http:\/\/www.e-mage.fi\/works\/wp-content\/uploads\/2015\/01\/jourte.jpg\" alt=\"jourte\" width=\"650\" height=\"798\" srcset=\"http:\/\/www.e-mage.fi\/works\/wp-content\/uploads\/2015\/01\/jourte.jpg 650w, http:\/\/www.e-mage.fi\/works\/wp-content\/uploads\/2015\/01\/jourte-244x300.jpg 244w, http:\/\/www.e-mage.fi\/works\/wp-content\/uploads\/2015\/01\/jourte-360x442.jpg 360w, http:\/\/www.e-mage.fi\/works\/wp-content\/uploads\/2015\/01\/jourte-550x675.jpg 550w\" sizes=\"auto, (max-width: 650px) 100vw, 650px\" \/><\/a><\/p>\n<hr \/>\n<p>Midgard<\/p>\n<p>Painting, mixt of water color, ink and varnish<\/p>\n<p><a href=\"http:\/\/www.e-mage.fi\/works\/wp-content\/uploads\/2015\/01\/midgard.jpg\"><img loading=\"lazy\" decoding=\"async\" class=\"alignnone size-full wp-image-631\" src=\"http:\/\/www.e-mage.fi\/works\/wp-content\/uploads\/2015\/01\/midgard.jpg\" alt=\"midgard\" width=\"500\" height=\"1192\" srcset=\"http:\/\/www.e-mage.fi\/works\/wp-content\/uploads\/2015\/01\/midgard.jpg 500w, http:\/\/www.e-mage.fi\/works\/wp-content\/uploads\/2015\/01\/midgard-126x300.jpg 126w, http:\/\/www.e-mage.fi\/works\/wp-content\/uploads\/2015\/01\/midgard-430x1024.jpg 430w, http:\/\/www.e-mage.fi\/works\/wp-content\/uploads\/2015\/01\/midgard-360x858.jpg 360w\" sizes=\"auto, (max-width: 500px) 100vw, 500px\" \/><\/a><\/p>\n<hr \/>\n<p>Ymir is a hermaphroditic giant and the first creature to come into being in the Norse creation narrative. Ymir birthed a male and female from the pits of his arms, and his legs together begat a six-headed bein<span class=\"text_exposed_show\">g. He produced a son, Borr, who mated with Bestla, one of Ymir\u2019s descendants. From their union came Odin and his two brothers, Vili and Ve. The brothers then slew Ymir and fashioned the cosmos from his corpse, as mentioned in the poetic Edda:<\/span><\/p>\n<h5><em><span class=\"text_exposed_show\"> From Ymir\u2019s flesh the earth was created,<br \/>\nAnd from his sweat [or, in some versions, blood] the sea,<br \/>\nMountains from bone,<br \/>\nTrees from hair,<br \/>\nAnd from his skull the sky.<br \/>\nAnd from his eyebrows the blithe gods made<br \/>\nMidgard, home of the sons of men<br \/>\nAnd from his brains<br \/>\nThey sculpted the grim clouds.<\/span><\/em><\/h5>\n<p><a href=\"http:\/\/www.e-mage.fi\/works\/wp-content\/uploads\/2015\/01\/ymir-small.jpg\"><img loading=\"lazy\" decoding=\"async\" class=\"alignnone size-full wp-image-860\" src=\"http:\/\/www.e-mage.fi\/works\/wp-content\/uploads\/2015\/01\/ymir-small.jpg\" alt=\"ymir-small\" width=\"503\" height=\"800\" srcset=\"http:\/\/www.e-mage.fi\/works\/wp-content\/uploads\/2015\/01\/ymir-small.jpg 503w, http:\/\/www.e-mage.fi\/works\/wp-content\/uploads\/2015\/01\/ymir-small-189x300.jpg 189w, http:\/\/www.e-mage.fi\/works\/wp-content\/uploads\/2015\/01\/ymir-small-360x573.jpg 360w\" sizes=\"auto, (max-width: 503px) 100vw, 503px\" \/><\/a><\/p>\n<p>Gouache, ink<\/p>\n<hr \/>\n<p>Snorri wrote in <em>Gylfagining <\/em>that blood of Ymir flooded the earth after his killing.\u00a0All the giants were drowned except one who saved himself by floating on a l\u00fa\u00f0r. We do not know exactly what is a lu\u00f0r&#8230; A piece of wood? a coffin?<\/p>\n<p><img loading=\"lazy\" decoding=\"async\" class=\"alignnone size-full wp-image-562\" src=\"http:\/\/www.e-mage.fi\/works\/wp-content\/uploads\/2015\/01\/ludr.jpg\" alt=\"ludr\" width=\"900\" height=\"558\" srcset=\"http:\/\/www.e-mage.fi\/works\/wp-content\/uploads\/2015\/01\/ludr.jpg 900w, http:\/\/www.e-mage.fi\/works\/wp-content\/uploads\/2015\/01\/ludr-300x186.jpg 300w, http:\/\/www.e-mage.fi\/works\/wp-content\/uploads\/2015\/01\/ludr-360x223.jpg 360w, http:\/\/www.e-mage.fi\/works\/wp-content\/uploads\/2015\/01\/ludr-550x341.jpg 550w\" sizes=\"auto, (max-width: 900px) 100vw, 900px\" \/><\/p>\n<p>Some samples of my illustrations of the Ragnar\u00f6k, the Viking&#8217;s apocalypse.<\/p>\n<p><img loading=\"lazy\" decoding=\"async\" class=\"alignnone wp-image-1279\" src=\"http:\/\/www.e-mage.fi\/works\/wp-content\/uploads\/2015\/01\/nya-v\u00e4rlden.jpg\" alt=\"\" width=\"800\" height=\"481\" srcset=\"http:\/\/www.e-mage.fi\/works\/wp-content\/uploads\/2015\/01\/nya-v\u00e4rlden.jpg 1000w, http:\/\/www.e-mage.fi\/works\/wp-content\/uploads\/2015\/01\/nya-v\u00e4rlden-300x180.jpg 300w, http:\/\/www.e-mage.fi\/works\/wp-content\/uploads\/2015\/01\/nya-v\u00e4rlden-768x462.jpg 768w, http:\/\/www.e-mage.fi\/works\/wp-content\/uploads\/2015\/01\/nya-v\u00e4rlden-360x216.jpg 360w, http:\/\/www.e-mage.fi\/works\/wp-content\/uploads\/2015\/01\/nya-v\u00e4rlden-550x331.jpg 550w\" sizes=\"auto, (max-width: 800px) 100vw, 800px\" \/><\/p>\n<p><a href=\"http:\/\/www.e-mage.fi\/works\/wp-content\/uploads\/2015\/01\/nidh\u00f6g.jpg\"><img loading=\"lazy\" decoding=\"async\" class=\"alignnone size-full wp-image-677\" src=\"http:\/\/www.e-mage.fi\/works\/wp-content\/uploads\/2015\/01\/nidh\u00f6g.jpg\" alt=\"nidh\u00f6g\" width=\"800\" height=\"593\" srcset=\"http:\/\/www.e-mage.fi\/works\/wp-content\/uploads\/2015\/01\/nidh\u00f6g.jpg 800w, http:\/\/www.e-mage.fi\/works\/wp-content\/uploads\/2015\/01\/nidh\u00f6g-300x222.jpg 300w, http:\/\/www.e-mage.fi\/works\/wp-content\/uploads\/2015\/01\/nidh\u00f6g-360x267.jpg 360w, http:\/\/www.e-mage.fi\/works\/wp-content\/uploads\/2015\/01\/nidh\u00f6g-550x408.jpg 550w, http:\/\/www.e-mage.fi\/works\/wp-content\/uploads\/2015\/01\/nidh\u00f6g-230x170.jpg 230w\" sizes=\"auto, (max-width: 800px) 100vw, 800px\" \/><\/a><\/p>\n<p><img loading=\"lazy\" decoding=\"async\" class=\"alignnone wp-image-1280\" src=\"http:\/\/www.e-mage.fi\/works\/wp-content\/uploads\/2015\/01\/loki.jpg\" alt=\"\" width=\"801\" height=\"576\" srcset=\"http:\/\/www.e-mage.fi\/works\/wp-content\/uploads\/2015\/01\/loki.jpg 1000w, http:\/\/www.e-mage.fi\/works\/wp-content\/uploads\/2015\/01\/loki-300x216.jpg 300w, http:\/\/www.e-mage.fi\/works\/wp-content\/uploads\/2015\/01\/loki-768x552.jpg 768w, http:\/\/www.e-mage.fi\/works\/wp-content\/uploads\/2015\/01\/loki-360x259.jpg 360w, http:\/\/www.e-mage.fi\/works\/wp-content\/uploads\/2015\/01\/loki-550x395.jpg 550w\" sizes=\"auto, (max-width: 801px) 100vw, 801px\" \/><\/p>\n<p><a href=\"http:\/\/www.e-mage.fi\/works\/wp-content\/uploads\/2015\/01\/gimle.jpg\"><img loading=\"lazy\" decoding=\"async\" class=\"alignnone size-full wp-image-681\" src=\"http:\/\/www.e-mage.fi\/works\/wp-content\/uploads\/2015\/01\/fenrir.jpg\" alt=\"fenrir\" width=\"800\" height=\"747\" srcset=\"http:\/\/www.e-mage.fi\/works\/wp-content\/uploads\/2015\/01\/fenrir.jpg 800w, http:\/\/www.e-mage.fi\/works\/wp-content\/uploads\/2015\/01\/fenrir-300x280.jpg 300w, http:\/\/www.e-mage.fi\/works\/wp-content\/uploads\/2015\/01\/fenrir-360x336.jpg 360w, http:\/\/www.e-mage.fi\/works\/wp-content\/uploads\/2015\/01\/fenrir-550x514.jpg 550w\" sizes=\"auto, (max-width: 800px) 100vw, 800px\" \/><\/a><\/p>\n<p><a href=\"http:\/\/www.e-mage.fi\/works\/wp-content\/uploads\/2015\/01\/mimir-odin-expo.jpg\"><img loading=\"lazy\" decoding=\"async\" class=\"alignnone size-full wp-image-680\" src=\"http:\/\/www.e-mage.fi\/works\/wp-content\/uploads\/2015\/01\/mimir-odin-expo.jpg\" alt=\"mimir-odin-expo\" width=\"800\" height=\"621\" srcset=\"http:\/\/www.e-mage.fi\/works\/wp-content\/uploads\/2015\/01\/mimir-odin-expo.jpg 800w, http:\/\/www.e-mage.fi\/works\/wp-content\/uploads\/2015\/01\/mimir-odin-expo-300x233.jpg 300w, http:\/\/www.e-mage.fi\/works\/wp-content\/uploads\/2015\/01\/mimir-odin-expo-360x279.jpg 360w, http:\/\/www.e-mage.fi\/works\/wp-content\/uploads\/2015\/01\/mimir-odin-expo-550x427.jpg 550w\" sizes=\"auto, (max-width: 800px) 100vw, 800px\" \/><\/a><\/p>\n<p><img loading=\"lazy\" decoding=\"async\" class=\"alignnone size-full wp-image-679\" src=\"http:\/\/www.e-mage.fi\/works\/wp-content\/uploads\/2015\/01\/gimle.jpg\" alt=\"gimle\" width=\"800\" height=\"439\" srcset=\"http:\/\/www.e-mage.fi\/works\/wp-content\/uploads\/2015\/01\/gimle.jpg 800w, http:\/\/www.e-mage.fi\/works\/wp-content\/uploads\/2015\/01\/gimle-300x165.jpg 300w, http:\/\/www.e-mage.fi\/works\/wp-content\/uploads\/2015\/01\/gimle-360x198.jpg 360w, http:\/\/www.e-mage.fi\/works\/wp-content\/uploads\/2015\/01\/gimle-550x302.jpg 550w\" sizes=\"auto, (max-width: 800px) 100vw, 800px\" \/><\/p>\n<p>This image is only part\u00a0of a\u00a0bigger picture from the third chapter of\u00a0my book on Ragnar\u00f6k. We see Lif and Leif Prasir, the couple who managed to survive the cataclysm.<\/p>\n<p><a href=\"http:\/\/www.e-mage.fi\/works\/wp-content\/uploads\/2015\/01\/lif.jpg\"><img loading=\"lazy\" decoding=\"async\" class=\"alignnone wp-image-1072\" src=\"http:\/\/www.e-mage.fi\/works\/wp-content\/uploads\/2015\/01\/lif.jpg\" alt=\"lif\" width=\"589\" height=\"424\" srcset=\"http:\/\/www.e-mage.fi\/works\/wp-content\/uploads\/2015\/01\/lif-300x217.jpg 300w, http:\/\/www.e-mage.fi\/works\/wp-content\/uploads\/2015\/01\/lif-360x260.jpg 360w\" sizes=\"auto, (max-width: 589px) 100vw, 589px\" \/><\/a><\/p>\n<p>Odin riding his 8 cylinders horse\u00a0&#8220;Sleipnir&#8221; followed by his two wolves Geri and Freki.<\/p>\n<p><a href=\"http:\/\/www.e-mage.fi\/works\/wp-content\/uploads\/2015\/01\/odin-sleipnir1.jpg\"><img loading=\"lazy\" decoding=\"async\" class=\"alignnone size-full wp-image-1126\" src=\"http:\/\/www.e-mage.fi\/works\/wp-content\/uploads\/2015\/01\/odin-sleipnir1.jpg\" alt=\"odin-sleipnir\" width=\"950\" height=\"546\" srcset=\"http:\/\/www.e-mage.fi\/works\/wp-content\/uploads\/2015\/01\/odin-sleipnir1.jpg 950w, http:\/\/www.e-mage.fi\/works\/wp-content\/uploads\/2015\/01\/odin-sleipnir1-300x172.jpg 300w, http:\/\/www.e-mage.fi\/works\/wp-content\/uploads\/2015\/01\/odin-sleipnir1-360x207.jpg 360w, http:\/\/www.e-mage.fi\/works\/wp-content\/uploads\/2015\/01\/odin-sleipnir1-550x316.jpg 550w\" sizes=\"auto, (max-width: 950px) 100vw, 950px\" \/><\/a><\/p>\n<hr \/>\n<p><strong>The DVD<\/strong> recounting the misfortune of the gods, their tragic battle against demons, is finally released and available! I made the pictures, Lars Huld\u00e9n wrote in Swedish the text superbly narrated by Sixten Lundberg. The editing is done by Sirpa Papinaho. Thanks to these talented people!<\/p>\n<h3>More informations, previews, at:\u00a0<a href=\"http:\/\/ragnarok.e-mage.fi\" target=\"_blank\" rel=\"noopener noreferrer\">http:\/\/ragnarok.e-mage.fi<\/a><\/h3>\n<p><img loading=\"lazy\" decoding=\"async\" class=\"alignnone size-full wp-image-1240\" src=\"http:\/\/www.e-mage.fi\/works\/wp-content\/uploads\/2015\/01\/ragnar\u00f6k-DVD-kansi-small.jpg\" alt=\"\" width=\"1000\" height=\"695\" srcset=\"http:\/\/www.e-mage.fi\/works\/wp-content\/uploads\/2015\/01\/ragnar\u00f6k-DVD-kansi-small.jpg 1000w, http:\/\/www.e-mage.fi\/works\/wp-content\/uploads\/2015\/01\/ragnar\u00f6k-DVD-kansi-small-300x209.jpg 300w, http:\/\/www.e-mage.fi\/works\/wp-content\/uploads\/2015\/01\/ragnar\u00f6k-DVD-kansi-small-768x534.jpg 768w, http:\/\/www.e-mage.fi\/works\/wp-content\/uploads\/2015\/01\/ragnar\u00f6k-DVD-kansi-small-360x250.jpg 360w, http:\/\/www.e-mage.fi\/works\/wp-content\/uploads\/2015\/01\/ragnar\u00f6k-DVD-kansi-small-550x382.jpg 550w\" sizes=\"auto, (max-width: 1000px) 100vw, 1000px\" \/><\/p>\n<p><a href=\"https:\/\/paypal.me\/ericleraillez\" target=\"_blank\" rel=\"noopener noreferrer\"><img loading=\"lazy\" decoding=\"async\" class=\"alignnone wp-image-92\" src=\"http:\/\/ragnarok.e-mage.fi\/wp-content\/uploads\/2017\/04\/BUY-NOW-300x116.png\" sizes=\"auto, (max-width: 101px) 100vw, 101px\" srcset=\"http:\/\/ragnarok.e-mage.fi\/wp-content\/uploads\/2017\/04\/BUY-NOW-300x116.png 300w, http:\/\/ragnarok.e-mage.fi\/wp-content\/uploads\/2017\/04\/BUY-NOW-360x140.png 360w, http:\/\/ragnarok.e-mage.fi\/wp-content\/uploads\/2017\/04\/BUY-NOW-550x214.png 550w, http:\/\/ragnarok.e-mage.fi\/wp-content\/uploads\/2017\/04\/BUY-NOW.png 559w\" alt=\"\" width=\"101\" height=\"39\" \/><\/a>\u00a0 \u00a0This link will lead you to\u00a0\u00a0https:\/\/paypal.me\/ericleraillez . Enter in the amount (16\u20ac (including shipping charges)), and send me the payment.<br \/>\nBecause it\u2019s PayPal, you know, it\u2019s \u00a0secure.<br \/>\nDon\u2019t have a PayPal account? No worries, it\u2019s quick and easy to sign up.<\/p>\n<p>In case you don\u2019t have a PayPal account, you\u00a0can purchase the DVD by contacting me at: eric(@)e-mage.fi \u00a0(remove the brakets) and telling me the address where to send the DVD.<br \/>\nPrice is 16\u20ac (including shipping charges)<br \/>\nFI3620631800029611<br \/>\nBIC NDEAFIHH<br \/>\n\u2026 And, of course, I wait for your comments!<\/p>\n<hr \/>\n<h2>The book: Ragnar\u00f6k \u2013The downfall of the Norse gods<\/h2>\n<p>Illustrations: Eric Leraillez, text: Helga Hilmisd\u00f3ttir<\/p>\n<p>Publisher\u00a0<a href=\"http:\/\/www.nyhofnutgafa.com\" target=\"_blank\" rel=\"noopener noreferrer\">www.nyhofnutgafa.com<\/a><\/p>\n<h3><img loading=\"lazy\" decoding=\"async\" class=\"alignnone wp-image-1159\" src=\"http:\/\/www.e-mage.fi\/works\/wp-content\/uploads\/2015\/01\/couv-new.jpg\" alt=\"\" width=\"599\" height=\"440\" srcset=\"http:\/\/www.e-mage.fi\/works\/wp-content\/uploads\/2015\/01\/couv-new.jpg 1200w, http:\/\/www.e-mage.fi\/works\/wp-content\/uploads\/2015\/01\/couv-new-300x221.jpg 300w, http:\/\/www.e-mage.fi\/works\/wp-content\/uploads\/2015\/01\/couv-new-768x564.jpg 768w, http:\/\/www.e-mage.fi\/works\/wp-content\/uploads\/2015\/01\/couv-new-1024x753.jpg 1024w, http:\/\/www.e-mage.fi\/works\/wp-content\/uploads\/2015\/01\/couv-new-360x265.jpg 360w, http:\/\/www.e-mage.fi\/works\/wp-content\/uploads\/2015\/01\/couv-new-550x404.jpg 550w, http:\/\/www.e-mage.fi\/works\/wp-content\/uploads\/2015\/01\/couv-new-230x170.jpg 230w\" sizes=\"auto, (max-width: 599px) 100vw, 599px\" \/><\/h3>\n<p><img loading=\"lazy\" decoding=\"async\" class=\"alignnone wp-image-1209\" src=\"http:\/\/www.e-mage.fi\/works\/wp-content\/uploads\/2015\/01\/rag-linna.jpg\" alt=\"\" width=\"776\" height=\"305\" srcset=\"http:\/\/www.e-mage.fi\/works\/wp-content\/uploads\/2015\/01\/rag-linna.jpg 1180w, http:\/\/www.e-mage.fi\/works\/wp-content\/uploads\/2015\/01\/rag-linna-300x118.jpg 300w, http:\/\/www.e-mage.fi\/works\/wp-content\/uploads\/2015\/01\/rag-linna-768x301.jpg 768w, http:\/\/www.e-mage.fi\/works\/wp-content\/uploads\/2015\/01\/rag-linna-1024x402.jpg 1024w, http:\/\/www.e-mage.fi\/works\/wp-content\/uploads\/2015\/01\/rag-linna-360x141.jpg 360w, http:\/\/www.e-mage.fi\/works\/wp-content\/uploads\/2015\/01\/rag-linna-550x216.jpg 550w\" sizes=\"auto, (max-width: 776px) 100vw, 776px\" \/><\/p>\n<p><img loading=\"lazy\" decoding=\"async\" class=\"alignnone wp-image-1208\" src=\"http:\/\/www.e-mage.fi\/works\/wp-content\/uploads\/2015\/01\/rag-snake.jpg\" alt=\"\" width=\"777\" height=\"300\" srcset=\"http:\/\/www.e-mage.fi\/works\/wp-content\/uploads\/2015\/01\/rag-snake.jpg 1179w, http:\/\/www.e-mage.fi\/works\/wp-content\/uploads\/2015\/01\/rag-snake-300x116.jpg 300w, http:\/\/www.e-mage.fi\/works\/wp-content\/uploads\/2015\/01\/rag-snake-768x297.jpg 768w, http:\/\/www.e-mage.fi\/works\/wp-content\/uploads\/2015\/01\/rag-snake-1024x396.jpg 1024w, http:\/\/www.e-mage.fi\/works\/wp-content\/uploads\/2015\/01\/rag-snake-360x139.jpg 360w, http:\/\/www.e-mage.fi\/works\/wp-content\/uploads\/2015\/01\/rag-snake-550x213.jpg 550w\" sizes=\"auto, (max-width: 777px) 100vw, 777px\" \/><\/p>\n","protected":false},"excerpt":{"rendered":"<p>&nbsp; Art from mythology of the vikings I have been fascinated for a long time by Norse&#8230;<\/p>\n","protected":false},"author":1,"featured_media":0,"parent":0,"menu_order":3,"comment_status":"open","ping_status":"open","template":"","meta":{"footnotes":""},"class_list":["post-342","page","type-page","status-publish","hentry"],"_links":{"self":[{"href":"http:\/\/www.e-mage.fi\/works\/wp-json\/wp\/v2\/pages\/342","targetHints":{"allow":["GET"]}}],"collection":[{"href":"http:\/\/www.e-mage.fi\/works\/wp-json\/wp\/v2\/pages"}],"about":[{"href":"http:\/\/www.e-mage.fi\/works\/wp-json\/wp\/v2\/types\/page"}],"author":[{"embeddable":true,"href":"http:\/\/www.e-mage.fi\/works\/wp-json\/wp\/v2\/users\/1"}],"replies":[{"embeddable":true,"href":"http:\/\/www.e-mage.fi\/works\/wp-json\/wp\/v2\/comments?post=342"}],"version-history":[{"count":75,"href":"http:\/\/www.e-mage.fi\/works\/wp-json\/wp\/v2\/pages\/342\/revisions"}],"predecessor-version":[{"id":1283,"href":"http:\/\/www.e-mage.fi\/works\/wp-json\/wp\/v2\/pages\/342\/revisions\/1283"}],"wp:attachment":[{"href":"http:\/\/www.e-mage.fi\/works\/wp-json\/wp\/v2\/media?parent=342"}],"curies":[{"name":"wp","href":"https:\/\/api.w.org\/{rel}","templated":true}]}}